{"id":2791,"date":"2019-05-31T18:26:30","date_gmt":"2019-05-31T16:26:30","guid":{"rendered":"http:\/\/www.cpcrsoeurs.org\/?page_id=2791"},"modified":"2020-09-25T10:59:29","modified_gmt":"2020-09-25T08:59:29","slug":"nous-soutenir","status":"publish","type":"page","link":"https:\/\/www.cpcrsoeurs.org\/index.php\/nous-soutenir\/","title":{"rendered":"Nous soutenir"},"content":{"rendered":"<div class=\"wpb-content-wrapper\"><p>[vc_row][vc_column width=&#8221;1\/6&#8243;][\/vc_column][vc_column width=&#8221;2\/3&#8243;][vc_column_text]<\/p>\n<h3 style=\"text-align: center;\"><span style=\"color: #999999;\"><big>Nous vivons de la Providence<\/big><\/span><\/h3>\n<h5 style=\"text-align: center;\"><span style=\"color: #808080;\"><big>Selon la recommandation du P\u00e8re Fondateur,<br \/>\nnotre v\u0153u de pauvret\u00e9 nous invite \u00e0 vivre<br \/>\net \u00e0 r\u00e9aliser nos activit\u00e9s apostoliques<br \/>\nen nous confiant <span style=\"color: #ff9900;\">\u00e0 la Providence.<\/span><\/big><\/span><\/h5>\n<h5 style=\"text-align: center;\"><span style=\"color: #808080;\"><big>Tous les mercredis, nous offrons la Messe<br \/>\net toute notre journ\u00e9e de pri\u00e8re<br \/>\naux intentions de nos bienfaiteurs.<\/big><\/span><\/h5>\n<p>[\/vc_column_text][vc_empty_space height=&#8221;32&#8243; alter_height=&#8221;medium&#8221; hide_on_mobile=&#8221;1,2&#8243;][vc_column_text]<\/p>\n<h5 style=\"text-align: center;\"><span style=\"color: #808080;\"><big>Vous pouvez nous soutenir par votre pri\u00e8re,<\/big><\/span><br \/>\n<big><span style=\"color: #808080;\">votre aide ponctuelle ou r\u00e9guli\u00e8re.<\/span><br \/>\n<\/big><\/h5>\n<p>[\/vc_column_text][vc_empty_space alter_height=&#8221;medium&#8221; hide_on_mobile=&#8221;1,2&#8243;][vc_column_text css=&#8221;.vc_custom_1561992897571{padding-top: 20px !important;}&#8221;]<\/p>\n<h4 style=\"text-align: center;\"><span style=\"color: #ff6600;\"><big>Vous voulez nous faire un don,<\/big><br \/>\n<\/span><small>merci de suivre les modalit\u00e9s ci-dessous<\/small><\/h4>\n<p>[\/vc_column_text][vc_empty_space height=&#8221;70&#8243; alter_height=&#8221;none&#8221; hide_on_mobile=&#8221;1,2&#8243;][\/vc_column][vc_column width=&#8221;1\/6&#8243;][\/vc_column][\/vc_row][vc_row css=&#8221;.vc_custom_1561992231936{padding-left: 0px !important;}&#8221;][vc_column width=&#8221;1\/4&#8243;][\/vc_column][vc_column width=&#8221;1\/2&#8243;][vc_column_text css=&#8221;.vc_custom_1561993587119{padding-top: 20px !important;padding-right: 10px !important;padding-bottom: 20px !important;padding-left: 10px !important;background-image: url(https:\/\/www.cpcrsoeurs.org\/wp-content\/uploads\/2019\/07\/19-081marron.jpg?id=3767) !important;background-position: center !important;background-repeat: no-repeat !important;background-size: cover !important;}&#8221;]<\/p>\n<h4 style=\"text-align: center;\"><span style=\"color: #ffffff;\">Si vous souhaitez un re\u00e7u fiscal<\/span><\/h4>\n<h6 style=\"text-align: center;\"><span style=\"color: #333333;\"><big>Quelle que soit la forme de votre don,<br \/>\nch\u00e8que, virement ou carte bancaire<br \/>\n<span style=\"color: #ff9900;\">vous <\/span><\/big><span style=\"color: #ff9900;\"><big><em>devez<\/em><\/big><em><big> passer<\/big><\/em><\/span><\/span><big><br \/>\n<span style=\"color: #333333;\">par <\/span><span style=\"color: #ff9900;\"><span style=\"color: #333333;\">&#8220;La Fondation des monast\u00e8res&#8221;<\/span><br \/>\n<\/span><\/big><span style=\"color: #ffffff;\"><small>(voir ci-dessous)<\/small><\/span><big><span style=\"color: #ff9900;\"><br \/>\n<\/span><\/big><\/h6>\n<p>[\/vc_column_text][vc_empty_space alter_height=&#8221;medium&#8221; hide_on_mobile=&#8221;1,2&#8243;][\/vc_column][vc_column width=&#8221;1\/4&#8243;][\/vc_column][\/vc_row][vc_row css=&#8221;.vc_custom_1561993039859{padding-top: 20px !important;padding-left: 0px !important;}&#8221;][vc_column width=&#8221;1\/2&#8243;][vc_column_text css=&#8221;.vc_custom_1561993943783{padding-top: 0px !important;padding-right: 0px !important;padding-left: 0px !important;}&#8221;]<\/p>\n<h4 style=\"text-align: center;\"><span style=\"color: #ffffff;\"><small>&#8212;<\/small><\/span><br \/>\npour DONS<br \/>\n<span style=\"color: #ff9900;\"><span style=\"color: #339966;\"><em>SANS <\/em><\/span>re\u00e7u fiscal<\/span><\/h4>\n<p>[\/vc_column_text][\/vc_column][vc_column width=&#8221;1\/2&#8243;][vc_column_text css=&#8221;.vc_custom_1561993028486{padding-top: 0px !important;padding-right: 0px !important;padding-left: 0px !important;}&#8221;]<\/p>\n<h4 style=\"text-align: center;\"><small>Fondation des Monast\u00e8res<\/small><br \/>\npour DONS<br \/>\n<span style=\"color: #ff9900;\"><span style=\"color: #ff0000;\"><em>AVEC<\/em> <\/span>re\u00e7u fiscal<\/span><\/h4>\n<p>[\/vc_column_text][\/vc_column][\/vc_row][vc_row gap=&#8221;5&#8243; content_placement=&#8221;top&#8221; css=&#8221;.vc_custom_1561993067499{padding-top: 20px !important;padding-left: 0px !important;}&#8221;][vc_column width=&#8221;1\/2&#8243;][vc_empty_space height=&#8221;80&#8243; alter_height=&#8221;medium&#8221; hide_on_mobile=&#8221;1,2&#8243;][vc_column_text]<\/p>\n<h5><span style=\"color: #808080;\">1 \/ Don par<\/span> <span style=\"color: #ff6600;\">ch\u00e8que <span style=\"color: #333333;\">\u00e0 l&#8217;<\/span><\/span>ordre de :<br \/>\n<em>Soeurs Coop\u00e9ratrices<\/em><\/h5>\n<p style=\"padding-left: 30px;\"><span style=\"color: #3366ff;\"> <big>deux adresses possibles :<\/big><\/span><br \/>\n<span style=\"color: #333333;\"><big><br \/>\n&#8211; Soeurs Coop\u00e9ratrices<br \/>\n960 Chemin des Vigui\u00e8res \u2013 26120 CHABEUIL<br \/>\nTel. : 04 75 59 75 06<\/big><\/span><br \/>\n<span style=\"color: #333333;\"><big><br \/>\n&#8211; Soeurs Coop\u00e9ratrices<br \/>\nMaison Notre Dame de Fatima \u2013 56330 BIEUZY-LANVAUX<br \/>\nTel. : 02 97 56 01 69<\/big><\/span><\/p>\n<h5><span style=\"color: #999999;\"><br \/>\n2 \/\u00a0Don\u00a0 par<\/span><span style=\"color: #ff6600;\"> virement ponctuel ou r\u00e9gulier<\/span><small><br \/>\n<\/small><\/h5>\n<p style=\"padding-left: 60px;\"><big>Demandez un <span style=\"color: #ff6600;\"><strong>RIB<\/strong> <\/span>\u00e0 <a href=\"mailto:economat.general@cpcrsoeurs.org\">economat.general@cpcrsoeurs.org<\/a><\/big><\/p>\n<p>[\/vc_column_text][\/vc_column][vc_column width=&#8221;1\/2&#8243;][vc_empty_space height=&#8221;80&#8243; alter_height=&#8221;medium&#8221; hide_on_mobile=&#8221;1,2&#8243;][vc_column_text]<\/p>\n<h5>1 \/ Don par <span style=\"color: #ff9900;\">ch\u00e8que<\/span> \u00e0 l&#8217;ordre de :<br \/>\n<span style=\"color: #333333;\"><em>Fondation des monast\u00e8res\u00a0<\/em> <em><br \/>\n<\/em><\/span><\/h5>\n<p><big><span style=\"color: #ff0000;\"><strong><span style=\"color: #333333;\">Puis notez<\/span> <span style=\"color: #ff6600;\">au dos<\/span> <span style=\"color: #333333;\">de votre ch\u00e8que selon votre choix :<\/span><\/strong><\/span><\/big><br \/>\n<big><big><\/big><\/big><\/p>\n<p style=\"padding-left: 30px;\"><span style=\"color: #333333;\"><big>&#8211; Soeurs Coop\u00e9ratrices<br \/>\n960 Chemin des Vigui\u00e8res \u2013 26120 CHABEUIL<br \/>\nTel. : 04 75 59 75 06<\/big><\/span><\/p>\n<p style=\"padding-left: 30px;\"><span style=\"color: #333333;\"><big>&#8211; Soeurs Coop\u00e9ratrices<\/big><\/span><br \/>\n<span style=\"color: #333333;\"><big>Maison Notre Dame de Fatima \u2013 56330 BIEUZY-LANVAUX<\/big><\/span><br \/>\n<span style=\"color: #333333;\"><big>Tel. : 02 97 56 01 69<\/big><\/span><\/p>\n<p style=\"padding-left: 60px;\"><big><span style=\"color: #ff6600;\">Envoyez votre ch\u00e8que :<\/span>\u00a0<span style=\"color: #333333;\"> Fondation des Monast\u00e8res<\/span><\/big><br \/>\n<span style=\"color: #333333;\"><big>\u00a0\u00a0\u00a0\u00a0\u00a0\u00a0\u00a0\u00a0\u00a0\u00a0\u00a0\u00a0\u00a0\u00a0\u00a0\u00a0\u00a0\u00a0\u00a0\u00a0\u00a0\u00a0\u00a0\u00a0\u00a0\u00a0\u00a0\u00a0\u00a0\u00a0\u00a0\u00a0\u00a0\u00a0\u00a0\u00a0 \u00a0\u00a0 14 rue Brunel\u00a0 &#8211;\u00a0 75017 PARIS<\/big><\/span><\/p>\n<p>&nbsp;<\/p>\n<h5>2 \/ <span style=\"color: #808080;\">Don par<\/span> <span style=\"color: #ff9900;\">carte<\/span> <span style=\"color: #808080;\">bancaire<\/span> :<br \/>\n<small>Avant tout prenez connaissance de la marche \u00e0 suivre \u00e0 partir<\/small><small> de la CAPTURE d\u2019\u00c9CRAN suivante<\/small><small> <\/small><span style=\"color: #333333;\">.<\/span><\/h5>\n<h5 style=\"text-align: center;\"><span style=\"color: #ff9900;\">Puis, ne vous d\u00e9couragez pas,<br \/>\nnos pri\u00e8res vous accompagnent !<br \/>\n<\/span><span style=\"color: #ff9900;\">\u00a0et<br \/>\n<\/span><small>rendez-vous sur le site de la <\/small><a href=\"https:\/\/don.fondationdesmonasteres.org\/soutenir\">Fondation des monast\u00e8res<\/a><\/h5>\n<p>[\/vc_column_text][\/vc_column][\/vc_row][vc_row][vc_column width=&#8221;1\/6&#8243;][vc_single_image image=&#8221;3604&#8243; img_size=&#8221;large&#8221; alignment=&#8221;center&#8221;][\/vc_column][vc_column width=&#8221;2\/3&#8243;][vc_empty_space alter_height=&#8221;large&#8221; hide_on_mobile=&#8221;1,2&#8243;][vc_single_image image=&#8221;3766&#8243; img_size=&#8221;full&#8221; alignment=&#8221;center&#8221; css=&#8221;.vc_custom_1561993353902{padding-top: 20px !important;padding-right: 20px !important;padding-bottom: 20px !important;padding-left: 20px !important;background-image: url(https:\/\/www.cpcrsoeurs.org\/wp-content\/uploads\/2019\/04\/kraftbrun.jpg?id=1210) !important;background-position: center !important;background-repeat: no-repeat !important;background-size: cover !important;}&#8221;][vc_empty_space alter_height=&#8221;medium&#8221; hide_on_mobile=&#8221;1,2&#8243;][\/vc_column][vc_column width=&#8221;1\/6&#8243;][\/vc_column][\/vc_row][vc_row][vc_column width=&#8221;1\/6&#8243;][\/vc_column][vc_column width=&#8221;2\/3&#8243;][vc_column_text]<\/p>\n<h5 style=\"text-align: center;\"><span style=\"color: #808080;\">Maintenant vous pouvez cliquer sans crainte<br \/>\nsur le <span style=\"color: #ff6600;\">bouton ci-dessous<\/span>&#8230; MERCI !<\/span><\/h5>\n<p>[\/vc_column_text][vc_btn title=&#8221;Fondation des monast\u00e8res&#8221; color=&#8221;warning&#8221; size=&#8221;lg&#8221; align=&#8221;center&#8221; link=&#8221;url:https%3A%2F%2Fdon.fondationdesmonasteres.org%2Fsoutenir|title:Pour%20b%C3%A9n%C3%A9ficier%20d&#8217;un%20re%C3%A7u%20fiscal|target:%20_blank|&#8221; css=&#8221;.vc_custom_1559570208572{padding-top: 50px !important;}&#8221;][vc_empty_space alter_height=&#8221;large&#8221; hide_on_mobile=&#8221;1,2&#8243;][vc_column_text]<\/p>\n<h6 style=\"text-align: center;\"><b>Pour toute question suppl\u00e9mentaire,<br \/>\nmail : <a href=\"mailto:marie.anne@cpcr.org\">marie.anne@cpcr.org<\/a><br \/>\nT\u00e9l : 04 75 59 75 06<\/b><\/h6>\n<h5 style=\"text-align: center;\"><span style=\"color: #ff9900;\"><big>Soyez remerci\u00e9s pour votre aide !<\/big><\/span><\/h5>\n<p>[\/vc_column_text][\/vc_column][vc_column width=&#8221;1\/6&#8243;][vc_single_image image=&#8221;3604&#8243; img_size=&#8221;large&#8221; alignment=&#8221;center&#8221;][\/vc_column][\/vc_row]<\/p>\n<\/div>","protected":false},"excerpt":{"rendered":"<p>[vc_row][vc_column width=&#8221;1\/6&#8243;][\/vc_column][vc_column width=&#8221;2\/3&#8243;][vc_column_text] Nous vivons de la Providence Selon la recommandation du P\u00e8re Fondateur, notre v\u0153u de pauvret\u00e9 nous invite \u00e0 vivre et \u00e0 r\u00e9aliser nos activit\u00e9s apostoliques en nous confiant \u00e0 la Providence. Tous les mercredis, nous offrons la Messe et toute notre journ\u00e9e de pri\u00e8re aux intentions de nos bienfaiteurs. [\/vc_column_text][vc_empty_space height=&#8221;32&#8243; alter_height=&#8221;medium&#8221; hide_on_mobile=&#8221;1,2&#8243;][vc_column_text] Vous pouvez nous soutenir&hellip;<\/p>\n","protected":false},"author":1,"featured_media":3948,"parent":0,"menu_order":0,"comment_status":"closed","ping_status":"closed","template":"","meta":{"footnotes":""},"yoast_head":"<!-- This site is optimized with the Yoast SEO plugin v22.8 - https:\/\/yoast.com\/wordpress\/plugins\/seo\/ -->\n<title>Nous soutenir - Soeurs CPCR<\/title>\n<meta name=\"robots\" content=\"index, follow, max-snippet:-1, max-image-preview:large, max-video-preview:-1\" \/>\n<link rel=\"canonical\" href=\"https:\/\/www.cpcrsoeurs.org\/index.php\/nous-soutenir\/\" \/>\n<meta property=\"og:locale\" content=\"fr_FR\" \/>\n<meta property=\"og:type\" content=\"article\" \/>\n<meta property=\"og:title\" content=\"Nous soutenir - Soeurs CPCR\" \/>\n<meta property=\"og:description\" content=\"[vc_row][vc_column width=&#8221;1\/6&#8243;][\/vc_column][vc_column width=&#8221;2\/3&#8243;][vc_column_text] Nous vivons de la Providence Selon la recommandation du P\u00e8re Fondateur, notre v\u0153u de pauvret\u00e9 nous invite \u00e0 vivre et \u00e0 r\u00e9aliser nos activit\u00e9s apostoliques en nous confiant \u00e0 la Providence. Tous les mercredis, nous offrons la Messe et toute notre journ\u00e9e de pri\u00e8re aux intentions de nos bienfaiteurs. [\/vc_column_text][vc_empty_space height=&#8221;32&#8243; alter_height=&#8221;medium&#8221; hide_on_mobile=&#8221;1,2&#8243;][vc_column_text] Vous pouvez nous soutenir&hellip;\" \/>\n<meta property=\"og:url\" content=\"https:\/\/www.cpcrsoeurs.org\/index.php\/nous-soutenir\/\" \/>\n<meta property=\"og:site_name\" content=\"Soeurs CPCR\" \/>\n<meta property=\"article:modified_time\" content=\"2020-09-25T08:59:29+00:00\" \/>\n<meta property=\"og:image\" content=\"https:\/\/www.cpcrsoeurs.org\/wp-content\/uploads\/2019\/07\/19BProvidence.jpg\" \/>\n\t<meta property=\"og:image:width\" content=\"500\" \/>\n\t<meta property=\"og:image:height\" content=\"500\" \/>\n\t<meta property=\"og:image:type\" content=\"image\/jpeg\" \/>\n<meta name=\"twitter:card\" content=\"summary_large_image\" \/>\n<meta name=\"twitter:label1\" content=\"Dur\u00e9e de lecture estim\u00e9e\" \/>\n\t<meta name=\"twitter:data1\" content=\"4 minutes\" \/>\n<script type=\"application\/ld+json\" class=\"yoast-schema-graph\">{\"@context\":\"https:\/\/schema.org\",\"@graph\":[{\"@type\":\"WebPage\",\"@id\":\"https:\/\/www.cpcrsoeurs.org\/index.php\/nous-soutenir\/\",\"url\":\"https:\/\/www.cpcrsoeurs.org\/index.php\/nous-soutenir\/\",\"name\":\"Nous soutenir - Soeurs CPCR\",\"isPartOf\":{\"@id\":\"https:\/\/www.cpcrsoeurs.org\/#website\"},\"primaryImageOfPage\":{\"@id\":\"https:\/\/www.cpcrsoeurs.org\/index.php\/nous-soutenir\/#primaryimage\"},\"image\":{\"@id\":\"https:\/\/www.cpcrsoeurs.org\/index.php\/nous-soutenir\/#primaryimage\"},\"thumbnailUrl\":\"https:\/\/www.cpcrsoeurs.org\/wp-content\/uploads\/2019\/07\/19BProvidence.jpg\",\"datePublished\":\"2019-05-31T16:26:30+00:00\",\"dateModified\":\"2020-09-25T08:59:29+00:00\",\"breadcrumb\":{\"@id\":\"https:\/\/www.cpcrsoeurs.org\/index.php\/nous-soutenir\/#breadcrumb\"},\"inLanguage\":\"fr-FR\",\"potentialAction\":[{\"@type\":\"ReadAction\",\"target\":[\"https:\/\/www.cpcrsoeurs.org\/index.php\/nous-soutenir\/\"]}]},{\"@type\":\"ImageObject\",\"inLanguage\":\"fr-FR\",\"@id\":\"https:\/\/www.cpcrsoeurs.org\/index.php\/nous-soutenir\/#primaryimage\",\"url\":\"https:\/\/www.cpcrsoeurs.org\/wp-content\/uploads\/2019\/07\/19BProvidence.jpg\",\"contentUrl\":\"https:\/\/www.cpcrsoeurs.org\/wp-content\/uploads\/2019\/07\/19BProvidence.jpg\",\"width\":500,\"height\":500,\"caption\":\"OK\"},{\"@type\":\"BreadcrumbList\",\"@id\":\"https:\/\/www.cpcrsoeurs.org\/index.php\/nous-soutenir\/#breadcrumb\",\"itemListElement\":[{\"@type\":\"ListItem\",\"position\":1,\"name\":\"Accueil\",\"item\":\"https:\/\/www.cpcrsoeurs.org\/\"},{\"@type\":\"ListItem\",\"position\":2,\"name\":\"Nous soutenir\"}]},{\"@type\":\"WebSite\",\"@id\":\"https:\/\/www.cpcrsoeurs.org\/#website\",\"url\":\"https:\/\/www.cpcrsoeurs.org\/\",\"name\":\"Soeurs CPCR\",\"description\":\"\",\"publisher\":{\"@id\":\"https:\/\/www.cpcrsoeurs.org\/#organization\"},\"potentialAction\":[{\"@type\":\"SearchAction\",\"target\":{\"@type\":\"EntryPoint\",\"urlTemplate\":\"https:\/\/www.cpcrsoeurs.org\/?s={search_term_string}\"},\"query-input\":\"required name=search_term_string\"}],\"inLanguage\":\"fr-FR\"},{\"@type\":\"Organization\",\"@id\":\"https:\/\/www.cpcrsoeurs.org\/#organization\",\"name\":\"Soeurs CPCR\",\"url\":\"https:\/\/www.cpcrsoeurs.org\/\",\"logo\":{\"@type\":\"ImageObject\",\"inLanguage\":\"fr-FR\",\"@id\":\"https:\/\/www.cpcrsoeurs.org\/#\/schema\/logo\/image\/\",\"url\":\"https:\/\/www.cpcrsoeurs.org\/wp-content\/uploads\/2019\/07\/19CPCRLogoSite.jpg\",\"contentUrl\":\"https:\/\/www.cpcrsoeurs.org\/wp-content\/uploads\/2019\/07\/19CPCRLogoSite.jpg\",\"width\":709,\"height\":425,\"caption\":\"Soeurs CPCR\"},\"image\":{\"@id\":\"https:\/\/www.cpcrsoeurs.org\/#\/schema\/logo\/image\/\"}}]}<\/script>\n<!-- \/ Yoast SEO plugin. -->","yoast_head_json":{"title":"Nous soutenir - Soeurs CPCR","robots":{"index":"index","follow":"follow","max-snippet":"max-snippet:-1","max-image-preview":"max-image-preview:large","max-video-preview":"max-video-preview:-1"},"canonical":"https:\/\/www.cpcrsoeurs.org\/index.php\/nous-soutenir\/","og_locale":"fr_FR","og_type":"article","og_title":"Nous soutenir - Soeurs CPCR","og_description":"[vc_row][vc_column width=&#8221;1\/6&#8243;][\/vc_column][vc_column width=&#8221;2\/3&#8243;][vc_column_text] Nous vivons de la Providence Selon la recommandation du P\u00e8re Fondateur, notre v\u0153u de pauvret\u00e9 nous invite \u00e0 vivre et \u00e0 r\u00e9aliser nos activit\u00e9s apostoliques en nous confiant \u00e0 la Providence. Tous les mercredis, nous offrons la Messe et toute notre journ\u00e9e de pri\u00e8re aux intentions de nos bienfaiteurs. [\/vc_column_text][vc_empty_space height=&#8221;32&#8243; alter_height=&#8221;medium&#8221; hide_on_mobile=&#8221;1,2&#8243;][vc_column_text] Vous pouvez nous soutenir&hellip;","og_url":"https:\/\/www.cpcrsoeurs.org\/index.php\/nous-soutenir\/","og_site_name":"Soeurs CPCR","article_modified_time":"2020-09-25T08:59:29+00:00","og_image":[{"width":500,"height":500,"url":"https:\/\/www.cpcrsoeurs.org\/wp-content\/uploads\/2019\/07\/19BProvidence.jpg","type":"image\/jpeg"}],"twitter_card":"summary_large_image","twitter_misc":{"Dur\u00e9e de lecture estim\u00e9e":"4 minutes"},"schema":{"@context":"https:\/\/schema.org","@graph":[{"@type":"WebPage","@id":"https:\/\/www.cpcrsoeurs.org\/index.php\/nous-soutenir\/","url":"https:\/\/www.cpcrsoeurs.org\/index.php\/nous-soutenir\/","name":"Nous soutenir - Soeurs CPCR","isPartOf":{"@id":"https:\/\/www.cpcrsoeurs.org\/#website"},"primaryImageOfPage":{"@id":"https:\/\/www.cpcrsoeurs.org\/index.php\/nous-soutenir\/#primaryimage"},"image":{"@id":"https:\/\/www.cpcrsoeurs.org\/index.php\/nous-soutenir\/#primaryimage"},"thumbnailUrl":"https:\/\/www.cpcrsoeurs.org\/wp-content\/uploads\/2019\/07\/19BProvidence.jpg","datePublished":"2019-05-31T16:26:30+00:00","dateModified":"2020-09-25T08:59:29+00:00","breadcrumb":{"@id":"https:\/\/www.cpcrsoeurs.org\/index.php\/nous-soutenir\/#breadcrumb"},"inLanguage":"fr-FR","potentialAction":[{"@type":"ReadAction","target":["https:\/\/www.cpcrsoeurs.org\/index.php\/nous-soutenir\/"]}]},{"@type":"ImageObject","inLanguage":"fr-FR","@id":"https:\/\/www.cpcrsoeurs.org\/index.php\/nous-soutenir\/#primaryimage","url":"https:\/\/www.cpcrsoeurs.org\/wp-content\/uploads\/2019\/07\/19BProvidence.jpg","contentUrl":"https:\/\/www.cpcrsoeurs.org\/wp-content\/uploads\/2019\/07\/19BProvidence.jpg","width":500,"height":500,"caption":"OK"},{"@type":"BreadcrumbList","@id":"https:\/\/www.cpcrsoeurs.org\/index.php\/nous-soutenir\/#breadcrumb","itemListElement":[{"@type":"ListItem","position":1,"name":"Accueil","item":"https:\/\/www.cpcrsoeurs.org\/"},{"@type":"ListItem","position":2,"name":"Nous soutenir"}]},{"@type":"WebSite","@id":"https:\/\/www.cpcrsoeurs.org\/#website","url":"https:\/\/www.cpcrsoeurs.org\/","name":"Soeurs CPCR","description":"","publisher":{"@id":"https:\/\/www.cpcrsoeurs.org\/#organization"},"potentialAction":[{"@type":"SearchAction","target":{"@type":"EntryPoint","urlTemplate":"https:\/\/www.cpcrsoeurs.org\/?s={search_term_string}"},"query-input":"required name=search_term_string"}],"inLanguage":"fr-FR"},{"@type":"Organization","@id":"https:\/\/www.cpcrsoeurs.org\/#organization","name":"Soeurs CPCR","url":"https:\/\/www.cpcrsoeurs.org\/","logo":{"@type":"ImageObject","inLanguage":"fr-FR","@id":"https:\/\/www.cpcrsoeurs.org\/#\/schema\/logo\/image\/","url":"https:\/\/www.cpcrsoeurs.org\/wp-content\/uploads\/2019\/07\/19CPCRLogoSite.jpg","contentUrl":"https:\/\/www.cpcrsoeurs.org\/wp-content\/uploads\/2019\/07\/19CPCRLogoSite.jpg","width":709,"height":425,"caption":"Soeurs CPCR"},"image":{"@id":"https:\/\/www.cpcrsoeurs.org\/#\/schema\/logo\/image\/"}}]}},"_links":{"self":[{"href":"https:\/\/www.cpcrsoeurs.org\/index.php\/wp-json\/wp\/v2\/pages\/2791"}],"collection":[{"href":"https:\/\/www.cpcrsoeurs.org\/index.php\/wp-json\/wp\/v2\/pages"}],"about":[{"href":"https:\/\/www.cpcrsoeurs.org\/index.php\/wp-json\/wp\/v2\/types\/page"}],"author":[{"embeddable":true,"href":"https:\/\/www.cpcrsoeurs.org\/index.php\/wp-json\/wp\/v2\/users\/1"}],"replies":[{"embeddable":true,"href":"https:\/\/www.cpcrsoeurs.org\/index.php\/wp-json\/wp\/v2\/comments?post=2791"}],"version-history":[{"count":0,"href":"https:\/\/www.cpcrsoeurs.org\/index.php\/wp-json\/wp\/v2\/pages\/2791\/revisions"}],"wp:featuredmedia":[{"embeddable":true,"href":"https:\/\/www.cpcrsoeurs.org\/index.php\/wp-json\/wp\/v2\/media\/3948"}],"wp:attachment":[{"href":"https:\/\/www.cpcrsoeurs.org\/index.php\/wp-json\/wp\/v2\/media?parent=2791"}],"curies":[{"name":"wp","href":"https:\/\/api.w.org\/{rel}","templated":true}]}}