{"id":3017,"date":"2019-06-04T20:43:32","date_gmt":"2019-06-04T18:43:32","guid":{"rendered":"http:\/\/www.cpcrsoeurs.org\/?page_id=3017"},"modified":"2024-07-20T19:15:20","modified_gmt":"2024-07-20T17:15:20","slug":"mentions-legales","status":"publish","type":"page","link":"https:\/\/www.cpcrsoeurs.org\/index.php\/mentions-legales\/","title":{"rendered":"mentions l\u00e9gales"},"content":{"rendered":"<div class=\"wpb-content-wrapper\"><p>[vc_row][vc_column width=&#8221;1\/6&#8243;][\/vc_column][vc_column width=&#8221;2\/3&#8243;][vc_column_text css=&#8221;.vc_custom_1721495716598{padding-right: 75px !important;padding-left: 75px !important;}&#8221;]<\/p>\n<div class=\"itemHeader\">\n<h4>Pr\u00e9sentation du site<\/h4>\n<p><big>Propri\u00e9taire : Soeurs coop\u00e9ratrices Paroissials du Christ Roi \u2013 Quartier B\u00e9ranger 26120 Chabeuil<\/big><\/p>\n<\/div>\n<div class=\"itemBody\">\n<div class=\"itemFullText\">\n<p><big>Cr\u00e9ateur : Rapha\u00ebl \/ Soeur CPCR<\/big><br \/>\n<big>Responsable publication : Congr\u00e9gation des Coop\u00e9ratrices Paroissiales du Christ Roi \u2013 <span id=\"cloak90439\"><a href=\"mailto:marie.anne@cpcr.org\">marie.anne@cpcr.org<\/a><\/span><\/big><br \/>\n<big>Le responsable publication est une personne physique ou une personne morale.<\/big><br \/>\n<big>Webmaster : Rapha\u00ebl \u2013<a href=\"mailto:creation@rnumerique.fr\"><span id=\"cloak75606\"> creation@rnumerique.fr\u00a0\u00a0<\/span><\/a><\/big><br \/>\n<big>H\u00e9bergeur : OVH \u2013 <a href=\"\/Users\/CHANTAL%20MARIE\/Desktop\/19siteOVH\/websites\/Soeurs%20CPCR\/cpcrsoeurs.org\/www.ovh.html\" target=\"_blank\" rel=\"noopener\">www.ovh.com<\/a><\/big><\/p>\n<h4>Cr\u00e9dits<\/h4>\n<p><big>Photos : Soeurs coop\u00e9ratrices paroissiales du Christ Roi, Collections priv\u00e9es,<\/big><\/p>\n<p><big>Autres sites : images gratuites :<\/big><big>\u00a0<a href=\"https:\/\/pixabay.com\/fr\/\">https:\/\/pixabay.com\/fr\/<\/a> <span style=\"font-size: 12pt;\">ou\u00a0<\/span><a href=\"https:\/\/pxhere.com\/\"> https:\/\/pxhere.com\/ <\/a><span style=\"font-size: 12pt;\"><big>ou <a href=\"https:\/\/stocksnap.io\/\">https:\/\/stocksnap.io\/<\/a>\u00a0<\/big><\/span><\/big><big><span style=\"font-size: 12pt;\"><big> ou <a href=\"https:\/\/cathopic.com\/\">https:\/\/cathopic.com\/<\/a> . \u00a0 <\/big><\/span><\/big><\/p>\n<h4>Conditions g\u00e9n\u00e9rales d\u2019utilisation du site<\/h4>\n<p><big>L\u2019utilisation du site wwwsoeurscpcr.org implique l\u2019acceptation pleine et enti\u00e8re des conditions g\u00e9n\u00e9rales d\u2019utilisation ci-apr\u00e8s d\u00e9crites. Ces conditions d\u2019utilisation sont susceptibles d\u2019\u00eatre modifi\u00e9es ou compl\u00e9t\u00e9es \u00e0 tout moment, les utilisateurs du site wwwsoeurscpcr.org sont donc invit\u00e9s \u00e0 les consulter de mani\u00e8re r\u00e9guli\u00e8re.<\/big><\/p>\n<p><big>Ce site est normalement accessible \u00e0 tout moment aux utilisateurs. Une interruption pour raison de maintenance technique peut \u00eatre toutefois d\u00e9cid\u00e9e par Soeurs coop\u00e9ratrices du Christ Roi, qui s\u2019efforcera alors de communiquer pr\u00e9alablement aux utilisateurs les dates et heures de l\u2019intervention.<\/big><\/p>\n<p><big>Le site wwwsoeurscpcr.org est mis \u00e0 jour r\u00e9guli\u00e8rement par Soeur Chantal Marie. De la m\u00eame fa\u00e7on, les mentions l\u00e9gales peuvent \u00eatre modifi\u00e9es \u00e0 tout moment : elles s\u2019imposent n\u00e9anmoins \u00e0 l\u2019utilisateur qui est invit\u00e9 \u00e0 s\u2019y r\u00e9f\u00e9rer le plus souvent possible afin d\u2019en prendre connaissance.<\/big><\/p>\n<h4>Propri\u00e9t\u00e9 et reproduction<\/h4>\n<p><big>Soeurs Coop\u00e9ratrices Paroissiales du Christ Roi est propri\u00e9taire des droits de propri\u00e9t\u00e9 intellectuelle ou d\u00e9tient les droits d\u2019usage sur tous les \u00e9l\u00e9ments accessibles sur le site, notamment les textes, repr\u00e9sentations iconographiques et photographiques, documents multim\u00e9dias.<\/big><\/p>\n<p><big>Toutes les photos pr\u00e9sentes sur ce site, except\u00e9es celles des banques d&#8217;images cit\u00e9es pr\u00e9c\u00e9demment, sont soumises \u00e0 un copyright, que celui-ci soit mentionn\u00e9 aupr\u00e8s de la photo ou non.<\/big><\/p>\n<p><big>Toute reproduction, repr\u00e9sentation, modification, publication, adaptation de tout ou partie des \u00e9l\u00e9ments du site, quel que soit le moyen ou le proc\u00e9d\u00e9 utilis\u00e9, est interdite, <strong>sauf autorisation \u00e9crite pr\u00e9alable de : Soeurs Coop\u00e9ratrices Paroissiales du Christ Roi.<\/strong><\/big><\/p>\n<\/div>\n<\/div>\n<p>[\/vc_column_text][\/vc_column][vc_column width=&#8221;1\/6&#8243;][\/vc_column][\/vc_row]<\/p>\n<\/div>","protected":false},"excerpt":{"rendered":"<p>[vc_row][vc_column width=&#8221;1\/6&#8243;][\/vc_column][vc_column width=&#8221;2\/3&#8243;][vc_column_text css=&#8221;.vc_custom_1721495716598{padding-right: 75px !important;padding-left: 75px !important;}&#8221;] Pr\u00e9sentation du site Propri\u00e9taire : Soeurs coop\u00e9ratrices Paroissials du Christ Roi \u2013 Quartier B\u00e9ranger 26120 Chabeuil Cr\u00e9ateur : Rapha\u00ebl \/ Soeur CPCR Responsable publication : Congr\u00e9gation des Coop\u00e9ratrices Paroissiales du Christ Roi \u2013 marie.anne@cpcr.org Le responsable publication est une personne physique ou une personne morale. Webmaster : Rapha\u00ebl \u2013 creation@rnumerique.fr\u00a0\u00a0 H\u00e9bergeur :&hellip;<\/p>\n","protected":false},"author":1,"featured_media":0,"parent":0,"menu_order":0,"comment_status":"closed","ping_status":"closed","template":"","meta":{"footnotes":""},"yoast_head":"<!-- This site is optimized with the Yoast SEO plugin v22.8 - https:\/\/yoast.com\/wordpress\/plugins\/seo\/ -->\n<title>mentions l\u00e9gales - Soeurs CPCR<\/title>\n<meta name=\"robots\" content=\"index, follow, max-snippet:-1, max-image-preview:large, max-video-preview:-1\" \/>\n<link rel=\"canonical\" href=\"https:\/\/www.cpcrsoeurs.org\/index.php\/mentions-legales\/\" \/>\n<meta property=\"og:locale\" content=\"fr_FR\" \/>\n<meta property=\"og:type\" content=\"article\" \/>\n<meta property=\"og:title\" content=\"mentions l\u00e9gales - Soeurs CPCR\" \/>\n<meta property=\"og:description\" content=\"[vc_row][vc_column width=&#8221;1\/6&#8243;][\/vc_column][vc_column width=&#8221;2\/3&#8243;][vc_column_text css=&#8221;.vc_custom_1721495716598{padding-right: 75px !important;padding-left: 75px !important;}&#8221;] Pr\u00e9sentation du site Propri\u00e9taire : Soeurs coop\u00e9ratrices Paroissials du Christ Roi \u2013 Quartier B\u00e9ranger 26120 Chabeuil Cr\u00e9ateur : Rapha\u00ebl \/ Soeur CPCR Responsable publication : Congr\u00e9gation des Coop\u00e9ratrices Paroissiales du Christ Roi \u2013 marie.anne@cpcr.org Le responsable publication est une personne physique ou une personne morale. Webmaster : Rapha\u00ebl \u2013 creation@rnumerique.fr\u00a0\u00a0 H\u00e9bergeur :&hellip;\" \/>\n<meta property=\"og:url\" content=\"https:\/\/www.cpcrsoeurs.org\/index.php\/mentions-legales\/\" \/>\n<meta property=\"og:site_name\" content=\"Soeurs CPCR\" \/>\n<meta property=\"article:modified_time\" content=\"2024-07-20T17:15:20+00:00\" \/>\n<meta name=\"twitter:card\" content=\"summary_large_image\" \/>\n<meta name=\"twitter:label1\" content=\"Dur\u00e9e de lecture estim\u00e9e\" \/>\n\t<meta name=\"twitter:data1\" content=\"2 minutes\" \/>\n<script type=\"application\/ld+json\" class=\"yoast-schema-graph\">{\"@context\":\"https:\/\/schema.org\",\"@graph\":[{\"@type\":\"WebPage\",\"@id\":\"https:\/\/www.cpcrsoeurs.org\/index.php\/mentions-legales\/\",\"url\":\"https:\/\/www.cpcrsoeurs.org\/index.php\/mentions-legales\/\",\"name\":\"mentions l\u00e9gales - Soeurs CPCR\",\"isPartOf\":{\"@id\":\"https:\/\/www.cpcrsoeurs.org\/#website\"},\"datePublished\":\"2019-06-04T18:43:32+00:00\",\"dateModified\":\"2024-07-20T17:15:20+00:00\",\"breadcrumb\":{\"@id\":\"https:\/\/www.cpcrsoeurs.org\/index.php\/mentions-legales\/#breadcrumb\"},\"inLanguage\":\"fr-FR\",\"potentialAction\":[{\"@type\":\"ReadAction\",\"target\":[\"https:\/\/www.cpcrsoeurs.org\/index.php\/mentions-legales\/\"]}]},{\"@type\":\"BreadcrumbList\",\"@id\":\"https:\/\/www.cpcrsoeurs.org\/index.php\/mentions-legales\/#breadcrumb\",\"itemListElement\":[{\"@type\":\"ListItem\",\"position\":1,\"name\":\"Accueil\",\"item\":\"https:\/\/www.cpcrsoeurs.org\/\"},{\"@type\":\"ListItem\",\"position\":2,\"name\":\"mentions l\u00e9gales\"}]},{\"@type\":\"WebSite\",\"@id\":\"https:\/\/www.cpcrsoeurs.org\/#website\",\"url\":\"https:\/\/www.cpcrsoeurs.org\/\",\"name\":\"Soeurs CPCR\",\"description\":\"\",\"publisher\":{\"@id\":\"https:\/\/www.cpcrsoeurs.org\/#organization\"},\"potentialAction\":[{\"@type\":\"SearchAction\",\"target\":{\"@type\":\"EntryPoint\",\"urlTemplate\":\"https:\/\/www.cpcrsoeurs.org\/?s={search_term_string}\"},\"query-input\":\"required name=search_term_string\"}],\"inLanguage\":\"fr-FR\"},{\"@type\":\"Organization\",\"@id\":\"https:\/\/www.cpcrsoeurs.org\/#organization\",\"name\":\"Soeurs CPCR\",\"url\":\"https:\/\/www.cpcrsoeurs.org\/\",\"logo\":{\"@type\":\"ImageObject\",\"inLanguage\":\"fr-FR\",\"@id\":\"https:\/\/www.cpcrsoeurs.org\/#\/schema\/logo\/image\/\",\"url\":\"https:\/\/www.cpcrsoeurs.org\/wp-content\/uploads\/2019\/07\/19CPCRLogoSite.jpg\",\"contentUrl\":\"https:\/\/www.cpcrsoeurs.org\/wp-content\/uploads\/2019\/07\/19CPCRLogoSite.jpg\",\"width\":709,\"height\":425,\"caption\":\"Soeurs CPCR\"},\"image\":{\"@id\":\"https:\/\/www.cpcrsoeurs.org\/#\/schema\/logo\/image\/\"}}]}<\/script>\n<!-- \/ Yoast SEO plugin. -->","yoast_head_json":{"title":"mentions l\u00e9gales - Soeurs CPCR","robots":{"index":"index","follow":"follow","max-snippet":"max-snippet:-1","max-image-preview":"max-image-preview:large","max-video-preview":"max-video-preview:-1"},"canonical":"https:\/\/www.cpcrsoeurs.org\/index.php\/mentions-legales\/","og_locale":"fr_FR","og_type":"article","og_title":"mentions l\u00e9gales - Soeurs CPCR","og_description":"[vc_row][vc_column width=&#8221;1\/6&#8243;][\/vc_column][vc_column width=&#8221;2\/3&#8243;][vc_column_text css=&#8221;.vc_custom_1721495716598{padding-right: 75px !important;padding-left: 75px !important;}&#8221;] Pr\u00e9sentation du site Propri\u00e9taire : Soeurs coop\u00e9ratrices Paroissials du Christ Roi \u2013 Quartier B\u00e9ranger 26120 Chabeuil Cr\u00e9ateur : Rapha\u00ebl \/ Soeur CPCR Responsable publication : Congr\u00e9gation des Coop\u00e9ratrices Paroissiales du Christ Roi \u2013 marie.anne@cpcr.org Le responsable publication est une personne physique ou une personne morale. Webmaster : Rapha\u00ebl \u2013 creation@rnumerique.fr\u00a0\u00a0 H\u00e9bergeur :&hellip;","og_url":"https:\/\/www.cpcrsoeurs.org\/index.php\/mentions-legales\/","og_site_name":"Soeurs CPCR","article_modified_time":"2024-07-20T17:15:20+00:00","twitter_card":"summary_large_image","twitter_misc":{"Dur\u00e9e de lecture estim\u00e9e":"2 minutes"},"schema":{"@context":"https:\/\/schema.org","@graph":[{"@type":"WebPage","@id":"https:\/\/www.cpcrsoeurs.org\/index.php\/mentions-legales\/","url":"https:\/\/www.cpcrsoeurs.org\/index.php\/mentions-legales\/","name":"mentions l\u00e9gales - Soeurs CPCR","isPartOf":{"@id":"https:\/\/www.cpcrsoeurs.org\/#website"},"datePublished":"2019-06-04T18:43:32+00:00","dateModified":"2024-07-20T17:15:20+00:00","breadcrumb":{"@id":"https:\/\/www.cpcrsoeurs.org\/index.php\/mentions-legales\/#breadcrumb"},"inLanguage":"fr-FR","potentialAction":[{"@type":"ReadAction","target":["https:\/\/www.cpcrsoeurs.org\/index.php\/mentions-legales\/"]}]},{"@type":"BreadcrumbList","@id":"https:\/\/www.cpcrsoeurs.org\/index.php\/mentions-legales\/#breadcrumb","itemListElement":[{"@type":"ListItem","position":1,"name":"Accueil","item":"https:\/\/www.cpcrsoeurs.org\/"},{"@type":"ListItem","position":2,"name":"mentions l\u00e9gales"}]},{"@type":"WebSite","@id":"https:\/\/www.cpcrsoeurs.org\/#website","url":"https:\/\/www.cpcrsoeurs.org\/","name":"Soeurs CPCR","description":"","publisher":{"@id":"https:\/\/www.cpcrsoeurs.org\/#organization"},"potentialAction":[{"@type":"SearchAction","target":{"@type":"EntryPoint","urlTemplate":"https:\/\/www.cpcrsoeurs.org\/?s={search_term_string}"},"query-input":"required name=search_term_string"}],"inLanguage":"fr-FR"},{"@type":"Organization","@id":"https:\/\/www.cpcrsoeurs.org\/#organization","name":"Soeurs CPCR","url":"https:\/\/www.cpcrsoeurs.org\/","logo":{"@type":"ImageObject","inLanguage":"fr-FR","@id":"https:\/\/www.cpcrsoeurs.org\/#\/schema\/logo\/image\/","url":"https:\/\/www.cpcrsoeurs.org\/wp-content\/uploads\/2019\/07\/19CPCRLogoSite.jpg","contentUrl":"https:\/\/www.cpcrsoeurs.org\/wp-content\/uploads\/2019\/07\/19CPCRLogoSite.jpg","width":709,"height":425,"caption":"Soeurs CPCR"},"image":{"@id":"https:\/\/www.cpcrsoeurs.org\/#\/schema\/logo\/image\/"}}]}},"_links":{"self":[{"href":"https:\/\/www.cpcrsoeurs.org\/index.php\/wp-json\/wp\/v2\/pages\/3017"}],"collection":[{"href":"https:\/\/www.cpcrsoeurs.org\/index.php\/wp-json\/wp\/v2\/pages"}],"about":[{"href":"https:\/\/www.cpcrsoeurs.org\/index.php\/wp-json\/wp\/v2\/types\/page"}],"author":[{"embeddable":true,"href":"https:\/\/www.cpcrsoeurs.org\/index.php\/wp-json\/wp\/v2\/users\/1"}],"replies":[{"embeddable":true,"href":"https:\/\/www.cpcrsoeurs.org\/index.php\/wp-json\/wp\/v2\/comments?post=3017"}],"version-history":[{"count":3,"href":"https:\/\/www.cpcrsoeurs.org\/index.php\/wp-json\/wp\/v2\/pages\/3017\/revisions"}],"predecessor-version":[{"id":8669,"href":"https:\/\/www.cpcrsoeurs.org\/index.php\/wp-json\/wp\/v2\/pages\/3017\/revisions\/8669"}],"wp:attachment":[{"href":"https:\/\/www.cpcrsoeurs.org\/index.php\/wp-json\/wp\/v2\/media?parent=3017"}],"curies":[{"name":"wp","href":"https:\/\/api.w.org\/{rel}","templated":true}]}}