{"id":7138,"date":"2022-11-02T14:51:10","date_gmt":"2022-11-02T13:51:10","guid":{"rendered":"https:\/\/www.cpcrsoeurs.org\/?page_id=7138"},"modified":"2022-11-02T15:18:00","modified_gmt":"2022-11-02T14:18:00","slug":"intentions-de-prieres","status":"publish","type":"page","link":"https:\/\/www.cpcrsoeurs.org\/index.php\/intentions-de-prieres\/","title":{"rendered":"Intentions de pri\u00e8res"},"content":{"rendered":"<h4><span style=\"color: #4294b8;\">Vos intentions de pri\u00e8res seront d\u00e9pos\u00e9es \u00e0 Notre Dame de Fatima ou dans la sacoche de Saint Joseph.<\/span><\/h4>\n<p>\u00a0<\/p>\n<table style=\"border-collapse: collapse; width: 100%;\">\n<tbody>\n<tr>\n<td style=\"width: 50%;\"><img decoding=\"async\" class=\"aligncenter wp-image-7129 size-medium\" src=\"https:\/\/www.cpcrsoeurs.org\/wp-content\/uploads\/2022\/11\/22NDFatimaIntention-164x300.jpg\" alt=\"\" width=\"164\" height=\"300\" srcset=\"https:\/\/www.cpcrsoeurs.org\/wp-content\/uploads\/2022\/11\/22NDFatimaIntention-164x300.jpg 164w, https:\/\/www.cpcrsoeurs.org\/wp-content\/uploads\/2022\/11\/22NDFatimaIntention-560x1024.jpg 560w, https:\/\/www.cpcrsoeurs.org\/wp-content\/uploads\/2022\/11\/22NDFatimaIntention-768x1403.jpg 768w, https:\/\/www.cpcrsoeurs.org\/wp-content\/uploads\/2022\/11\/22NDFatimaIntention-841x1536.jpg 841w, https:\/\/www.cpcrsoeurs.org\/wp-content\/uploads\/2022\/11\/22NDFatimaIntention-370x676.jpg 370w, https:\/\/www.cpcrsoeurs.org\/wp-content\/uploads\/2022\/11\/22NDFatimaIntention-760x1389.jpg 760w, https:\/\/www.cpcrsoeurs.org\/wp-content\/uploads\/2022\/11\/22NDFatimaIntention.jpg 985w\" sizes=\"(max-width: 164px) 100vw, 164px\" \/><\/td>\n<td style=\"width: 50%;\"><img decoding=\"async\" class=\"aligncenter wp-image-7128 size-medium\" src=\"https:\/\/www.cpcrsoeurs.org\/wp-content\/uploads\/2022\/11\/22StJosSacoche-121x300.jpg\" alt=\"\" width=\"121\" height=\"300\" srcset=\"https:\/\/www.cpcrsoeurs.org\/wp-content\/uploads\/2022\/11\/22StJosSacoche-121x300.jpg 121w, https:\/\/www.cpcrsoeurs.org\/wp-content\/uploads\/2022\/11\/22StJosSacoche-413x1024.jpg 413w, https:\/\/www.cpcrsoeurs.org\/wp-content\/uploads\/2022\/11\/22StJosSacoche-620x1536.jpg 620w, https:\/\/www.cpcrsoeurs.org\/wp-content\/uploads\/2022\/11\/22StJosSacoche-370x917.jpg 370w, https:\/\/www.cpcrsoeurs.org\/wp-content\/uploads\/2022\/11\/22StJosSacoche.jpg 715w\" sizes=\"(max-width: 121px) 100vw, 121px\" \/><\/td>\n<\/tr>\n<\/tbody>\n<\/table>\n\n\n<div style=\"height:44px\" aria-hidden=\"true\" class=\"wp-block-spacer\"><\/div>\n\n\n\n<div class=\"wp-block-contact-form-7-contact-form-selector\">\n<div class=\"wpcf7 no-js\" id=\"wpcf7-f7133-o1\" lang=\"fr-FR\" dir=\"ltr\">\n<div class=\"screen-reader-response\"><p role=\"status\" aria-live=\"polite\" aria-atomic=\"true\"><\/p> <ul><\/ul><\/div>\n<form action=\"\/index.php\/wp-json\/wp\/v2\/pages\/7138#wpcf7-f7133-o1\" method=\"post\" class=\"wpcf7-form init\" aria-label=\"Formulaire de contact\" novalidate=\"novalidate\" data-status=\"init\">\n<div style=\"display: none;\">\n<input type=\"hidden\" name=\"_wpcf7\" value=\"7133\" \/>\n<input type=\"hidden\" name=\"_wpcf7_version\" value=\"5.8.6\" \/>\n<input type=\"hidden\" name=\"_wpcf7_locale\" value=\"fr_FR\" \/>\n<input type=\"hidden\" name=\"_wpcf7_unit_tag\" value=\"wpcf7-f7133-o1\" \/>\n<input type=\"hidden\" name=\"_wpcf7_container_post\" value=\"0\" \/>\n<input type=\"hidden\" name=\"_wpcf7_posted_data_hash\" value=\"\" \/>\n<\/div>\n<p><label> Votre pr\u00e9nom*<br \/>\n<span class=\"wpcf7-form-control-wrap\" data-name=\"your-name\"><input size=\"40\" class=\"wpcf7-form-control wpcf7-text wpcf7-validates-as-required\" aria-required=\"true\" aria-invalid=\"false\" value=\"\" type=\"text\" name=\"your-name\" \/><\/span> <\/label>\n<\/p>\n<p><label> Votre e-mail<br \/>\n<span class=\"wpcf7-form-control-wrap\" data-name=\"your-email\"><input size=\"40\" class=\"wpcf7-form-control wpcf7-email wpcf7-text wpcf7-validates-as-email\" aria-invalid=\"false\" value=\"\" type=\"email\" name=\"your-email\" \/><\/span> <\/label>\n<\/p>\n<p><label> Objet<br \/>\n<span class=\"wpcf7-form-control-wrap\" data-name=\"your-subject\"><input size=\"40\" class=\"wpcf7-form-control wpcf7-text wpcf7-validates-as-required\" aria-required=\"true\" aria-invalid=\"false\" value=\"\" type=\"text\" name=\"your-subject\" \/><\/span> <\/label>\n<\/p>\n<p><label> Votre message (facultatif)<br \/>\n<span class=\"wpcf7-form-control-wrap\" data-name=\"your-message\"><textarea cols=\"40\" rows=\"10\" class=\"wpcf7-form-control wpcf7-textarea\" aria-invalid=\"false\" name=\"your-message\"><\/textarea><\/span> <\/label>\n<\/p>\n<p><input class=\"wpcf7-form-control wpcf7-submit has-spinner\" type=\"submit\" value=\"Envoyer\" \/>\n<\/p><div class=\"wpcf7-response-output\" aria-hidden=\"true\"><\/div>\n<\/form>\n<\/div>\n<\/div>\n\n\n<h5 style=\"text-align: center;\">Vous pouvez \u00e9galement trouver de nombreuses pri\u00e8res en cliquant\u00a0 <a href=\"https:\/\/www.cpcrsoeurs.org\/index.php\/2021\/04\/17\/prier-mais-comment\/\">ICI<\/a><\/h5>","protected":false},"excerpt":{"rendered":"<p>Vos intentions de pri\u00e8res seront d\u00e9pos\u00e9es \u00e0 Notre Dame de Fatima ou dans la sacoche de Saint Joseph. \u00a0 Vous pouvez \u00e9galement trouver de nombreuses pri\u00e8res en cliquant\u00a0 ICI<\/p>\n","protected":false},"author":1,"featured_media":6732,"parent":0,"menu_order":0,"comment_status":"closed","ping_status":"closed","template":"","meta":{"footnotes":""},"yoast_head":"<!-- This site is optimized with the Yoast SEO plugin v22.8 - https:\/\/yoast.com\/wordpress\/plugins\/seo\/ -->\n<title>Intentions de pri\u00e8res - Soeurs CPCR<\/title>\n<meta name=\"robots\" content=\"index, follow, max-snippet:-1, max-image-preview:large, max-video-preview:-1\" \/>\n<link rel=\"canonical\" href=\"https:\/\/www.cpcrsoeurs.org\/index.php\/intentions-de-prieres\/\" \/>\n<meta property=\"og:locale\" content=\"fr_FR\" \/>\n<meta property=\"og:type\" content=\"article\" \/>\n<meta property=\"og:title\" content=\"Intentions de pri\u00e8res - Soeurs CPCR\" \/>\n<meta property=\"og:description\" content=\"Vos intentions de pri\u00e8res seront d\u00e9pos\u00e9es \u00e0 Notre Dame de Fatima ou dans la sacoche de Saint Joseph. \u00a0 Vous pouvez \u00e9galement trouver de nombreuses pri\u00e8res en cliquant\u00a0 ICI\" \/>\n<meta property=\"og:url\" content=\"https:\/\/www.cpcrsoeurs.org\/index.php\/intentions-de-prieres\/\" \/>\n<meta property=\"og:site_name\" content=\"Soeurs CPCR\" \/>\n<meta property=\"article:modified_time\" content=\"2022-11-02T14:18:00+00:00\" \/>\n<meta property=\"og:image\" content=\"https:\/\/www.cpcrsoeurs.org\/wp-content\/uploads\/2022\/03\/22Cierges1000.jpg\" \/>\n\t<meta property=\"og:image:width\" content=\"1000\" \/>\n\t<meta property=\"og:image:height\" content=\"561\" \/>\n\t<meta property=\"og:image:type\" content=\"image\/jpeg\" \/>\n<meta name=\"twitter:card\" content=\"summary_large_image\" \/>\n<meta name=\"twitter:label1\" content=\"Dur\u00e9e de lecture estim\u00e9e\" \/>\n\t<meta name=\"twitter:data1\" content=\"1 minute\" \/>\n<script type=\"application\/ld+json\" class=\"yoast-schema-graph\">{\"@context\":\"https:\/\/schema.org\",\"@graph\":[{\"@type\":\"WebPage\",\"@id\":\"https:\/\/www.cpcrsoeurs.org\/index.php\/intentions-de-prieres\/\",\"url\":\"https:\/\/www.cpcrsoeurs.org\/index.php\/intentions-de-prieres\/\",\"name\":\"Intentions de pri\u00e8res - Soeurs CPCR\",\"isPartOf\":{\"@id\":\"https:\/\/www.cpcrsoeurs.org\/#website\"},\"primaryImageOfPage\":{\"@id\":\"https:\/\/www.cpcrsoeurs.org\/index.php\/intentions-de-prieres\/#primaryimage\"},\"image\":{\"@id\":\"https:\/\/www.cpcrsoeurs.org\/index.php\/intentions-de-prieres\/#primaryimage\"},\"thumbnailUrl\":\"https:\/\/www.cpcrsoeurs.org\/wp-content\/uploads\/2022\/03\/22Cierges1000.jpg\",\"datePublished\":\"2022-11-02T13:51:10+00:00\",\"dateModified\":\"2022-11-02T14:18:00+00:00\",\"breadcrumb\":{\"@id\":\"https:\/\/www.cpcrsoeurs.org\/index.php\/intentions-de-prieres\/#breadcrumb\"},\"inLanguage\":\"fr-FR\",\"potentialAction\":[{\"@type\":\"ReadAction\",\"target\":[\"https:\/\/www.cpcrsoeurs.org\/index.php\/intentions-de-prieres\/\"]}]},{\"@type\":\"ImageObject\",\"inLanguage\":\"fr-FR\",\"@id\":\"https:\/\/www.cpcrsoeurs.org\/index.php\/intentions-de-prieres\/#primaryimage\",\"url\":\"https:\/\/www.cpcrsoeurs.org\/wp-content\/uploads\/2022\/03\/22Cierges1000.jpg\",\"contentUrl\":\"https:\/\/www.cpcrsoeurs.org\/wp-content\/uploads\/2022\/03\/22Cierges1000.jpg\",\"width\":1000,\"height\":561},{\"@type\":\"BreadcrumbList\",\"@id\":\"https:\/\/www.cpcrsoeurs.org\/index.php\/intentions-de-prieres\/#breadcrumb\",\"itemListElement\":[{\"@type\":\"ListItem\",\"position\":1,\"name\":\"Accueil\",\"item\":\"https:\/\/www.cpcrsoeurs.org\/\"},{\"@type\":\"ListItem\",\"position\":2,\"name\":\"Intentions de pri\u00e8res\"}]},{\"@type\":\"WebSite\",\"@id\":\"https:\/\/www.cpcrsoeurs.org\/#website\",\"url\":\"https:\/\/www.cpcrsoeurs.org\/\",\"name\":\"Soeurs CPCR\",\"description\":\"\",\"publisher\":{\"@id\":\"https:\/\/www.cpcrsoeurs.org\/#organization\"},\"potentialAction\":[{\"@type\":\"SearchAction\",\"target\":{\"@type\":\"EntryPoint\",\"urlTemplate\":\"https:\/\/www.cpcrsoeurs.org\/?s={search_term_string}\"},\"query-input\":\"required name=search_term_string\"}],\"inLanguage\":\"fr-FR\"},{\"@type\":\"Organization\",\"@id\":\"https:\/\/www.cpcrsoeurs.org\/#organization\",\"name\":\"Soeurs CPCR\",\"url\":\"https:\/\/www.cpcrsoeurs.org\/\",\"logo\":{\"@type\":\"ImageObject\",\"inLanguage\":\"fr-FR\",\"@id\":\"https:\/\/www.cpcrsoeurs.org\/#\/schema\/logo\/image\/\",\"url\":\"https:\/\/www.cpcrsoeurs.org\/wp-content\/uploads\/2019\/07\/19CPCRLogoSite.jpg\",\"contentUrl\":\"https:\/\/www.cpcrsoeurs.org\/wp-content\/uploads\/2019\/07\/19CPCRLogoSite.jpg\",\"width\":709,\"height\":425,\"caption\":\"Soeurs CPCR\"},\"image\":{\"@id\":\"https:\/\/www.cpcrsoeurs.org\/#\/schema\/logo\/image\/\"}}]}<\/script>\n<!-- \/ Yoast SEO plugin. -->","yoast_head_json":{"title":"Intentions de pri\u00e8res - Soeurs CPCR","robots":{"index":"index","follow":"follow","max-snippet":"max-snippet:-1","max-image-preview":"max-image-preview:large","max-video-preview":"max-video-preview:-1"},"canonical":"https:\/\/www.cpcrsoeurs.org\/index.php\/intentions-de-prieres\/","og_locale":"fr_FR","og_type":"article","og_title":"Intentions de pri\u00e8res - Soeurs CPCR","og_description":"Vos intentions de pri\u00e8res seront d\u00e9pos\u00e9es \u00e0 Notre Dame de Fatima ou dans la sacoche de Saint Joseph. \u00a0 Vous pouvez \u00e9galement trouver de nombreuses pri\u00e8res en cliquant\u00a0 ICI","og_url":"https:\/\/www.cpcrsoeurs.org\/index.php\/intentions-de-prieres\/","og_site_name":"Soeurs CPCR","article_modified_time":"2022-11-02T14:18:00+00:00","og_image":[{"width":1000,"height":561,"url":"https:\/\/www.cpcrsoeurs.org\/wp-content\/uploads\/2022\/03\/22Cierges1000.jpg","type":"image\/jpeg"}],"twitter_card":"summary_large_image","twitter_misc":{"Dur\u00e9e de lecture estim\u00e9e":"1 minute"},"schema":{"@context":"https:\/\/schema.org","@graph":[{"@type":"WebPage","@id":"https:\/\/www.cpcrsoeurs.org\/index.php\/intentions-de-prieres\/","url":"https:\/\/www.cpcrsoeurs.org\/index.php\/intentions-de-prieres\/","name":"Intentions de pri\u00e8res - Soeurs CPCR","isPartOf":{"@id":"https:\/\/www.cpcrsoeurs.org\/#website"},"primaryImageOfPage":{"@id":"https:\/\/www.cpcrsoeurs.org\/index.php\/intentions-de-prieres\/#primaryimage"},"image":{"@id":"https:\/\/www.cpcrsoeurs.org\/index.php\/intentions-de-prieres\/#primaryimage"},"thumbnailUrl":"https:\/\/www.cpcrsoeurs.org\/wp-content\/uploads\/2022\/03\/22Cierges1000.jpg","datePublished":"2022-11-02T13:51:10+00:00","dateModified":"2022-11-02T14:18:00+00:00","breadcrumb":{"@id":"https:\/\/www.cpcrsoeurs.org\/index.php\/intentions-de-prieres\/#breadcrumb"},"inLanguage":"fr-FR","potentialAction":[{"@type":"ReadAction","target":["https:\/\/www.cpcrsoeurs.org\/index.php\/intentions-de-prieres\/"]}]},{"@type":"ImageObject","inLanguage":"fr-FR","@id":"https:\/\/www.cpcrsoeurs.org\/index.php\/intentions-de-prieres\/#primaryimage","url":"https:\/\/www.cpcrsoeurs.org\/wp-content\/uploads\/2022\/03\/22Cierges1000.jpg","contentUrl":"https:\/\/www.cpcrsoeurs.org\/wp-content\/uploads\/2022\/03\/22Cierges1000.jpg","width":1000,"height":561},{"@type":"BreadcrumbList","@id":"https:\/\/www.cpcrsoeurs.org\/index.php\/intentions-de-prieres\/#breadcrumb","itemListElement":[{"@type":"ListItem","position":1,"name":"Accueil","item":"https:\/\/www.cpcrsoeurs.org\/"},{"@type":"ListItem","position":2,"name":"Intentions de pri\u00e8res"}]},{"@type":"WebSite","@id":"https:\/\/www.cpcrsoeurs.org\/#website","url":"https:\/\/www.cpcrsoeurs.org\/","name":"Soeurs CPCR","description":"","publisher":{"@id":"https:\/\/www.cpcrsoeurs.org\/#organization"},"potentialAction":[{"@type":"SearchAction","target":{"@type":"EntryPoint","urlTemplate":"https:\/\/www.cpcrsoeurs.org\/?s={search_term_string}"},"query-input":"required name=search_term_string"}],"inLanguage":"fr-FR"},{"@type":"Organization","@id":"https:\/\/www.cpcrsoeurs.org\/#organization","name":"Soeurs CPCR","url":"https:\/\/www.cpcrsoeurs.org\/","logo":{"@type":"ImageObject","inLanguage":"fr-FR","@id":"https:\/\/www.cpcrsoeurs.org\/#\/schema\/logo\/image\/","url":"https:\/\/www.cpcrsoeurs.org\/wp-content\/uploads\/2019\/07\/19CPCRLogoSite.jpg","contentUrl":"https:\/\/www.cpcrsoeurs.org\/wp-content\/uploads\/2019\/07\/19CPCRLogoSite.jpg","width":709,"height":425,"caption":"Soeurs CPCR"},"image":{"@id":"https:\/\/www.cpcrsoeurs.org\/#\/schema\/logo\/image\/"}}]}},"_links":{"self":[{"href":"https:\/\/www.cpcrsoeurs.org\/index.php\/wp-json\/wp\/v2\/pages\/7138"}],"collection":[{"href":"https:\/\/www.cpcrsoeurs.org\/index.php\/wp-json\/wp\/v2\/pages"}],"about":[{"href":"https:\/\/www.cpcrsoeurs.org\/index.php\/wp-json\/wp\/v2\/types\/page"}],"author":[{"embeddable":true,"href":"https:\/\/www.cpcrsoeurs.org\/index.php\/wp-json\/wp\/v2\/users\/1"}],"replies":[{"embeddable":true,"href":"https:\/\/www.cpcrsoeurs.org\/index.php\/wp-json\/wp\/v2\/comments?post=7138"}],"version-history":[{"count":0,"href":"https:\/\/www.cpcrsoeurs.org\/index.php\/wp-json\/wp\/v2\/pages\/7138\/revisions"}],"wp:featuredmedia":[{"embeddable":true,"href":"https:\/\/www.cpcrsoeurs.org\/index.php\/wp-json\/wp\/v2\/media\/6732"}],"wp:attachment":[{"href":"https:\/\/www.cpcrsoeurs.org\/index.php\/wp-json\/wp\/v2\/media?parent=7138"}],"curies":[{"name":"wp","href":"https:\/\/api.w.org\/{rel}","templated":true}]}}